{"id":7706,"date":"2023-05-30T04:09:06","date_gmt":"2023-05-29T21:09:06","guid":{"rendered":"http:\/\/lienthanh.leanlab.vn\/lien-thanh-nhat-vi-fish-sauce\/"},"modified":"2023-12-07T16:46:16","modified_gmt":"2023-12-07T09:46:16","slug":"lien-thanh-nhat-vi-fish-sauce","status":"publish","type":"product","link":"https:\/\/lienthanh1906.vn\/en\/lien-thanh-nhat-vi-fish-sauce\/","title":{"rendered":"Lien Thanh Fish Sauce Signature"},"content":{"rendered":"<p>&nbsp;<\/p>\n<div style=\"text-align: justify;\">\n<blockquote>\n<h6><em><br \/>\n<strong>Lien Thanh Nhat Vi fish sauce is a product of the accumulation of more than 100 years of mixing experience, harmoniously combining the salty taste of salt and the sweetness of fish protein, which have traditionally been felt separately in fish sauce. to bring you a delicious experience when dipping without having to mix anything else.<\/strong><br \/>\n<\/em><\/h6>\n<\/blockquote>\n<\/div>\n<div style=\"text-align: justify;\"><strong>Ingredient:<\/strong> Anchovies, salt, water, red yeast rice, gardenia fruit extract, maltodextrin; Flavor enhancers: 621, 627, 631, 640; Synthetic fish sauce flavoring; Preservative: 202; Acidity regulator: 330; Synthetic sweetener: 955; Stabilizer: 415; Synthetic colorants: 150a.<\/div>\n<div style=\"text-align: justify;\"><\/div>\n","protected":false},"excerpt":{"rendered":"<p>&nbsp;<\/p>\n<div class=\"woocommerce-product-details__short-description\">\n<p><strong>H\u00e0m l\u01b0\u1ee3ng Nit\u01a1 t\u1ed5ng s\u1ed1 (NTS):<\/strong> 20 g\/l (+-1).<\/p>\n<p><strong>H\u00e0m l\u01b0\u1ee3ng nit\u01a1 acid amin\/NTS:<\/strong> \u2265 35 %.<\/p>\n<p><strong>Dung t\u00edch:<\/strong> 500 ml.<\/p>\n<p><strong>Expiration period:<\/strong> 2 years<\/p>\n<div style=\"text-align: justify;\"><strong style=\"font-size: inherit;\">Storage instructions:<\/strong> <span style=\"font-size: inherit;\">Store in a dry place, avoid direct sunlight and close the lid after use.<\/span><\/div>\n<div style=\"text-align: justify;\"><strong style=\"font-size: inherit;\">L\u01b0u \u00fd<\/strong><span style=\"font-size: inherit;\">: Hi\u1ec7n t\u01b0\u1ee3ng k\u1ebft tinh mu\u1ed1i v\u00e0 \u0111\u1eadm m\u00e0u trong qu\u00e1 tr\u00ecnh s\u1eed d\u1ee5ng, b\u1ea3o qu\u1ea3n l\u00e0 ho\u00e0n to\u00e0n t\u1ef1 nhi\u00ean, kh\u00f4ng \u1ea3nh h\u01b0\u1edfng \u0111\u1ebfn ch\u1ea5t l\u01b0\u1ee3ng s\u1ea3n ph\u1ea9m. The product contains ingredients of aquatic origin.<\/span><\/div>\n<\/div>\n","protected":false},"featured_media":9429,"template":"","meta":{"_acf_changed":false},"product_cat":[270],"product_tag":[],"class_list":{"0":"post-7706","1":"product","2":"type-product","3":"status-publish","4":"has-post-thumbnail","6":"product_cat-fish-sauce","7":"no-featured-image-padding","9":"first","10":"instock","11":"featured","12":"shipping-taxable","13":"product-type-simple"},"acf":[],"_links":{"self":[{"href":"https:\/\/lienthanh1906.vn\/en\/wp-json\/wp\/v2\/product\/7706","targetHints":{"allow":["GET"]}}],"collection":[{"href":"https:\/\/lienthanh1906.vn\/en\/wp-json\/wp\/v2\/product"}],"about":[{"href":"https:\/\/lienthanh1906.vn\/en\/wp-json\/wp\/v2\/types\/product"}],"wp:featuredmedia":[{"embeddable":true,"href":"https:\/\/lienthanh1906.vn\/en\/wp-json\/wp\/v2\/media\/9429"}],"wp:attachment":[{"href":"https:\/\/lienthanh1906.vn\/en\/wp-json\/wp\/v2\/media?parent=7706"}],"wp:term":[{"taxonomy":"product_cat","embeddable":true,"href":"https:\/\/lienthanh1906.vn\/en\/wp-json\/wp\/v2\/product_cat?post=7706"},{"taxonomy":"product_tag","embeddable":true,"href":"https:\/\/lienthanh1906.vn\/en\/wp-json\/wp\/v2\/product_tag?post=7706"}],"curies":[{"name":"wp","href":"https:\/\/api.w.org\/{rel}","templated":true}]}}