{"id":7662,"date":"2023-05-31T15:37:46","date_gmt":"2023-05-31T08:37:46","guid":{"rendered":"http:\/\/lienthanh.leanlab.vn\/contact-us\/"},"modified":"2024-04-19T11:20:15","modified_gmt":"2024-04-19T04:20:15","slug":"contact-us","status":"publish","type":"page","link":"https:\/\/lienthanh1906.vn\/en\/contact-us\/","title":{"rendered":"Contact us"},"content":{"rendered":"\n<div class=\"wp-block-columns custom-section section-contact is-layout-flex wp-container-core-columns-is-layout-9d6595d7 wp-block-columns-is-layout-flex\">\n<div class=\"wp-block-column is-layout-flow wp-block-column-is-layout-flow\">\n<div class=\"wp-block-group box-contact\"><div class=\"wp-block-group__inner-container is-layout-constrained wp-block-group-is-layout-constrained\">\n<h2 class=\"wp-block-heading\">Contact us<\/h2>\n\n\n\n<p><strong>Contact for business cooperation: <\/strong><\/p>\n\n\n\n<p><strong>Supermarket:<\/strong><\/p>\n\n\n\n<p><strong>Telephone: <a href=\"tel:02839430790\" data-type=\"tel\" data-id=\"tel:02839430790\">(028) 3943 0790<\/a> Fax: <a href=\"tel:02838267435\">(028) 3826 7435<\/a><\/strong><\/p>\n\n\n\n<p><strong>Agents\/Stores: <\/strong><\/p>\n\n\n<div class=\"gb-container gb-container-2a10fbb3\">\n\n<p><strong>Telephone: <a href=\"tel:02839431219\">(028) 3943 1219<\/a> Fax: <a href=\"tel:028%203943%201215\">(028) 3943 1215<\/a><\/strong><\/p>\n\n<\/div><\/div><\/div>\n<\/div>\n\n\n\n<div class=\"wp-block-column is-layout-flow wp-block-column-is-layout-flow\">\n<div class=\"wp-block-contact-form-7-contact-form-selector\">\n<div class=\"wpcf7 no-js\" id=\"wpcf7-f7730-o1\" lang=\"vi\" dir=\"ltr\">\n<div class=\"screen-reader-response\"><p role=\"status\" aria-live=\"polite\" aria-atomic=\"true\"><\/p> <ul><\/ul><\/div>\n<form action=\"\/en\/wp-json\/wp\/v2\/pages\/7662#wpcf7-f7730-o1\" method=\"post\" class=\"wpcf7-form init\" aria-label=\"Form li\u00ean h\u1ec7\" novalidate=\"novalidate\" data-status=\"init\">\n<div style=\"display: none;\">\n<input type=\"hidden\" name=\"_wpcf7\" value=\"7730\" \/>\n<input type=\"hidden\" name=\"_wpcf7_version\" value=\"5.9.6\" \/>\n<input type=\"hidden\" name=\"_wpcf7_locale\" value=\"vi\" \/>\n<input type=\"hidden\" name=\"_wpcf7_unit_tag\" value=\"wpcf7-f7730-o1\" \/>\n<input type=\"hidden\" name=\"_wpcf7_container_post\" value=\"0\" \/>\n<input type=\"hidden\" name=\"_wpcf7_posted_data_hash\" value=\"\" \/>\n<\/div>\n<span class=\"wpcf7-form-control-wrap\" data-name=\"hovaten\"><input size=\"40\" maxlength=\"80\" class=\"wpcf7-form-control wpcf7-text wpcf7-validates-as-required\" aria-required=\"true\" aria-invalid=\"false\" placeholder=\"Your name\" value=\"\" type=\"text\" name=\"hovaten\" \/><\/span>\n<span class=\"wpcf7-form-control-wrap\" data-name=\"email\"><input size=\"40\" maxlength=\"80\" class=\"wpcf7-form-control wpcf7-email wpcf7-validates-as-required wpcf7-text wpcf7-validates-as-email\" aria-required=\"true\" aria-invalid=\"false\" placeholder=\"Your email\" value=\"\" type=\"email\" name=\"email\" \/><\/span>\n<span class=\"wpcf7-form-control-wrap\" data-name=\"phone\"><input size=\"40\" maxlength=\"80\" class=\"wpcf7-form-control wpcf7-tel wpcf7-validates-as-required wpcf7-text wpcf7-validates-as-tel\" aria-required=\"true\" aria-invalid=\"false\" placeholder=\"Your phone number\" value=\"\" type=\"tel\" name=\"phone\" \/><\/span>\n<span class=\"wpcf7-form-control-wrap\" data-name=\"loinhan\"><textarea cols=\"40\" rows=\"3\" maxlength=\"400\" class=\"wpcf7-form-control wpcf7-textarea wpcf7-validates-as-required\" aria-required=\"true\" aria-invalid=\"false\" placeholder=\"Your message\" name=\"loinhan\"><\/textarea><\/span>\n<input class=\"wpcf7-form-control wpcf7-submit has-spinner\" type=\"submit\" value=\"Submit\" \/><input type='hidden' class='wpcf7-pum' value='{\"closepopup\":false,\"closedelay\":0,\"openpopup\":false,\"openpopup_id\":0}' \/><div class=\"wpcf7-response-output\" aria-hidden=\"true\"><\/div>\n<\/form>\n<\/div>\n<\/div>\n<\/div>\n<\/div>\n\n\n\n<div class=\"wp-block-columns custom-section section-contact is-layout-flex wp-container-core-columns-is-layout-9d6595d7 wp-block-columns-is-layout-flex\">\n<div class=\"wp-block-column col-cuahang is-layout-flow wp-block-column-is-layout-flow\">\n<div class=\"wp-block-columns is-layout-flex wp-container-core-columns-is-layout-9d6595d7 wp-block-columns-is-layout-flex\">\n<div class=\"wp-block-column is-layout-flow wp-block-column-is-layout-flow\" style=\"flex-basis:100%\">\n<h4 class=\"wp-block-heading has-text-align-center\">LIST OF STORES INTRODUCING LEVEL 1 PRODUCTS<\/h4>\n\n\n\n<figure class=\"wp-block-table\"><table><tbody><tr><td><strong>STT<\/strong><\/td><td><strong>STORES<\/strong><\/td><td><strong>TELEPHONE<\/strong><\/td><\/tr><tr><td>1<\/td><td>50 Nguy\u1ec5n V\u0103n C\u1eeb, Ph\u01b0\u1eddng C\u1ea7u Kho, Qu\u1eadn 1<\/td><td>(028) 3836 4950<\/td><\/tr><tr><td>2<\/td><td>1043 Ho\u00e0ng Sa, Ph\u01b0\u1eddng 11, Qu\u1eadn 3<\/td><td>(028) 3526 2648<\/td><\/tr><tr><td>3<\/td><td>243 B\u1ebfn V\u00e2n \u0110\u1ed3n, Ph\u01b0\u1eddng 5, Qu\u1eadn 4<\/td><td>(028) 3943 0318<\/td><\/tr><tr><td>4<\/td><td>1182 V\u00f5 V\u0103n Ki\u1ec7t, Ph\u01b0\u1eddng 10, Qu\u1eadn 5<\/td><td>(028) 3952 0662<\/td><\/tr><tr><td>5<\/td><td>94 L\u00ea V\u0103n L\u01b0\u01a1ng, Ph\u01b0\u1eddng T\u00e2n H\u01b0ng, Qu\u1eadn 7<\/td><td>(028) 3872 7472<\/td><\/tr><tr><td>6<\/td><td>595\/37 X\u00f4 Vi\u1ebft Ngh\u1ec7 T\u0129nh, Ph\u01b0\u1eddng 26, Qu\u1eadn B\u00ecnh Th\u1ea1nh<\/td><td>(028) 3511 4702<\/td><\/tr><tr><td>7<\/td><td>161 L\u00ea Quang \u0110\u1ecbnh, Ph\u01b0\u1eddng 14, Qu\u1eadn B\u00ecnh Th\u1ea1nh<\/td><td>(028) 3510 9095<\/td><\/tr><tr><td>8<\/td><td>620 Kha V\u1ea1n C\u00e2n, Ph\u01b0\u1eddng Linh \u0110\u00f4ng, TP. Th\u1ee7 \u0110\u1ee9c<\/td><td>(028) 3897 1057<\/td><\/tr><tr><td>9<\/td><td>69 \u0110\u01b0\u1eddng 36, Ph\u01b0\u1eddng Linh \u0110\u00f4ng, TP. Th\u1ee7 \u0110\u1ee9c<\/td><td>(028) 3720 0575<\/td><\/tr><tr><td>10<\/td><td>211 Phan \u0110\u0103ng L\u01b0u, Ph\u01b0\u1eddng 1, Qu\u1eadn Ph\u00fa Nhu\u1eadn<\/td><td>(028) 3995 5257<\/td><\/tr><tr><td>11<\/td><td>39 Ho\u00e0ng Hoa Th\u00e1m, Ph\u01b0\u1eddng 13, Qu\u1eadn T\u00e2n Bnh<\/td><td>(028) 3812 1280<\/td><\/tr><\/tbody><\/table><\/figure>\n<\/div>\n<\/div>\n<\/div>\n<\/div>\n\n\n<div class=\"divider\"><\/div>\n\n\n\n<div class=\"wp-block-columns custom-section section-recruitment color-2 is-layout-flex wp-container-core-columns-is-layout-9d6595d7 wp-block-columns-is-layout-flex\">\n<div class=\"wp-block-column is-layout-flow wp-block-column-is-layout-flow\">\n<h2 class=\"wp-block-heading\">Recruitment<\/h2>\n\n\n\n<div class=\"recruitment\">\n            <a href=\"https:\/\/lienthanh1906.vn\/en\/thong-bao-tuyen-dung-nhan-vien-xuat-nhap-khau\/\" class=\"recruitment-item\">\n            <div class=\"box-text\">\n                <h3>TH\u00d4NG B\u00c1O TUY\u1ec2N D\u1ee4NG NH\u00c2N VI\u00caN XU\u1ea4T NH\u1eacP KH\u1ea8U<\/h3>\n                <div><p>Th\u00f4ng b\u00e1o tuy\u1ec3n d\u1ee5ng 2 nh\u00e2n vi\u00ean Xu\u1ea5t nh\u1eadp kh\u1ea9u Chuy\u00ean ng\u00e0nh: &nbsp;Kinh T\u1ebf\/ Qu\u1ea3n Tr\u1ecb Kinh Doanh\/Th\u01b0\u01a1ng m\u1ea1i qu\u1ed1c t\u1ebf. &nbsp;&nbsp;&nbsp;&nbsp;&nbsp;&nbsp;&nbsp;&nbsp;&nbsp;&nbsp;&nbsp;&nbsp;&nbsp;&nbsp; I\/ T\u00ecm ki\u1ebfm kh\u00e1ch h\u00e0ng m\u1edbi, \u0111\u1ed1i t\u00e1c xu\u1ea5t nh\u1eadp kh\u1ea9u: II. Th\u1ef1c hi\u1ec7n c\u00e1c nghi\u1ec7p v\u1ee5 li\u00ean quan \u0111\u1ebfn xu\u1ea5t nh\u1eadp kh\u1ea9u: III. Ch\u0103m s\u00f3c kh\u00e1ch h\u00e0ng<\/p>\n<\/div>\n            <\/div>\n            <div class=\"date\">30 June, 2023<\/div>\n        <\/a>\n        \n                <a href=\"https:\/\/lienthanh1906.vn\/en\/thong-bao-tuyen-dung-chuyen-vien-tiep-thi-thuong-mai\/\" class=\"recruitment-item\">\n            <div class=\"box-text\">\n                <h3>TH\u00d4NG B\u00c1O TUY\u1ec2N D\u1ee4NG CHUY\u00caN VI\u00caN TI\u1ebeP TH\u1eca TH\u01af\u01a0NG M\u1ea0I<\/h3>\n                <div><p>C\u00f4ng ty CP Ch\u1ebf bi\u1ebfn Th\u1ee7y H\u1ea3i s\u1ea3n Li\u00ean Th\u00e0nh th\u00f4ng b\u00e1o tuy\u1ec3n d\u1ee5ng 2 chuy\u00ean vi\u00ean Ti\u1ebfp th\u1ecb Th\u01b0\u01a1ng m\u1ea1i Chuy\u00ean ng\u00e0nh: &nbsp;: Kinh T\u1ebf\/Ngo\u1ea1i Th\u01b0\u01a1ng\/ Qu\u1ea3n Tr\u1ecb Kinh Doanh. Y\u00eau c\u1ea7u: C\u00f3 kinh nghi\u1ec7m trong l\u00e3nh v\u1ef1c t\u01b0\u01a1ng \u0111\u01b0\u01a1ng \u00edt nh\u1ea5t 1 n\u0103m. &nbsp;&nbsp;&nbsp;&nbsp; I\/ L\u1eacP \u0110\u1ec0 XU\u1ea4T<\/p>\n<\/div>\n            <\/div>\n            <div class=\"date\">30 June, 2023<\/div>\n        <\/a>\n        \n                <a href=\"https:\/\/lienthanh1906.vn\/en\/1983-2\/\" class=\"recruitment-item\">\n            <div class=\"box-text\">\n                <h3>TH\u00d4NG B\u00c1O TUY\u1ec2N D\u1ee4NG T\u1ed4 TR\u01af\u1edeNG ISO, HACCP<\/h3>\n                <div><p>TH\u00d4NG B\u00c1O TUY\u1ec2N D\u1ee4NG C\u00d4NG TY C\u1ed4 PH\u1ea6N CH\u1ebe BI\u1ebeN TH\u1ee6Y H\u1ea2I S\u1ea2N LI\u00caN TH\u00c0NH \u00a0\u00a0\u00a0\u00a0\u00a0\u00a0\u00a0 (C\u00d4NG TY N\u01af\u1edaC M\u1eaeM LI\u00caN TH\u00c0NH) A\/ V\u1eca TR\u00cd TUY\u1ec2N D\u1ee4NG: T\u1ed4 TR\u01af\u1edeNG ISO, HACCP : 01 ng\u01b0\u1eddi (\u01b0u ti\u00ean n\u1eef) Tr\u00ecnh \u0111\u1ed9 h\u1ecdc v\u1ea5n: 12\/12 Tr\u00ecnh \u0111\u1ed9 chuy\u00ean m\u00f4n: \u0110\u1ea1i h\u1ecdc Chuy\u00ean ng\u00e0nh:<\/p>\n<\/div>\n            <\/div>\n            <div class=\"date\">1 March, 2023<\/div>\n        <\/a>\n        \n        <\/div>\n\n\n\n\n<a class=\"gb-button gb-button-e301685d gb-button-text\" href=\"http:\/\/lienthanh.leanlab.vn\/en\/chuyen-muc\/recruitment\/\" target=\"_blank\" rel=\"noopener\">View All<\/a>\n<\/div>\n\n\n\n<div class=\"wp-block-column is-layout-flow wp-block-column-is-layout-flow\">\n<figure class=\"wp-block-gallery has-nested-images columns-default is-cropped image-slick wp-block-gallery-1 is-layout-flex wp-block-gallery-is-layout-flex\">\n<figure class=\"wp-block-image size-full\"><img loading=\"lazy\" decoding=\"async\" width=\"903\" height=\"602\" data-id=\"76\" src=\"http:\/\/lienthanh1906.vn\/wp-content\/uploads\/2023\/05\/lien-thanh-tuyen-dung.jpg\" alt=\"\" class=\"wp-image-76\" style=\"aspect-ratio:1;object-fit:cover\" srcset=\"https:\/\/lienthanh1906.vn\/wp-content\/uploads\/2023\/05\/lien-thanh-tuyen-dung.jpg 903w, https:\/\/lienthanh1906.vn\/wp-content\/uploads\/2023\/05\/lien-thanh-tuyen-dung-300x200.jpg 300w, https:\/\/lienthanh1906.vn\/wp-content\/uploads\/2023\/05\/lien-thanh-tuyen-dung-600x400.jpg 600w, https:\/\/lienthanh1906.vn\/wp-content\/uploads\/2023\/05\/lien-thanh-tuyen-dung-768x512.jpg 768w\" sizes=\"auto, (max-width: 903px) 100vw, 903px\" \/><\/figure>\n\n\n\n<figure class=\"wp-block-image size-large\"><img loading=\"lazy\" decoding=\"async\" width=\"1024\" height=\"683\" data-id=\"3115\" src=\"http:\/\/lienthanh1906.vn\/wp-content\/uploads\/2023\/06\/lien-he-1-1024x683.jpg\" alt=\"\" class=\"wp-image-3115\" style=\"aspect-ratio:1;object-fit:cover\" srcset=\"https:\/\/lienthanh1906.vn\/wp-content\/uploads\/2023\/06\/lien-he-1-1024x683.jpg 1024w, https:\/\/lienthanh1906.vn\/wp-content\/uploads\/2023\/06\/lien-he-1-300x200.jpg 300w, https:\/\/lienthanh1906.vn\/wp-content\/uploads\/2023\/06\/lien-he-1-768x512.jpg 768w, https:\/\/lienthanh1906.vn\/wp-content\/uploads\/2023\/06\/lien-he-1-1536x1024.jpg 1536w, https:\/\/lienthanh1906.vn\/wp-content\/uploads\/2023\/06\/lien-he-1-2048x1365.jpg 2048w, https:\/\/lienthanh1906.vn\/wp-content\/uploads\/2023\/06\/lien-he-1-600x400.jpg 600w\" sizes=\"auto, (max-width: 1024px) 100vw, 1024px\" \/><\/figure>\n\n\n\n<figure class=\"wp-block-image size-large\"><img loading=\"lazy\" decoding=\"async\" width=\"1024\" height=\"768\" data-id=\"3113\" src=\"http:\/\/lienthanh1906.vn\/wp-content\/uploads\/2023\/06\/lien-he-2-1024x768.jpg\" alt=\"\" class=\"wp-image-3113\" style=\"aspect-ratio:1;object-fit:cover\" srcset=\"https:\/\/lienthanh1906.vn\/wp-content\/uploads\/2023\/06\/lien-he-2-1024x768.jpg 1024w, https:\/\/lienthanh1906.vn\/wp-content\/uploads\/2023\/06\/lien-he-2-300x225.jpg 300w, https:\/\/lienthanh1906.vn\/wp-content\/uploads\/2023\/06\/lien-he-2-768x576.jpg 768w, https:\/\/lienthanh1906.vn\/wp-content\/uploads\/2023\/06\/lien-he-2-1536x1152.jpg 1536w, https:\/\/lienthanh1906.vn\/wp-content\/uploads\/2023\/06\/lien-he-2-2048x1536.jpg 2048w, https:\/\/lienthanh1906.vn\/wp-content\/uploads\/2023\/06\/lien-he-2-600x450.jpg 600w\" sizes=\"auto, (max-width: 1024px) 100vw, 1024px\" \/><\/figure>\n<\/figure>\n<\/div>\n<\/div>\n","protected":false},"excerpt":{"rendered":"<p>Contact us Contact for business cooperation: Supermarket: Telephone: (028) 3943 0790 Fax: (028) 3826 7435 Agents\/Stores: Telephone: (028) 3943 1219 Fax: (028) 3943 1215 LIST OF STORES INTRODUCING LEVEL 1 PRODUCTS STT STORES TELEPHONE 1 50 Nguy\u1ec5n V\u0103n C\u1eeb, Ph\u01b0\u1eddng C\u1ea7u Kho, Qu\u1eadn 1 (028) 3836 4950 2 1043 Ho\u00e0ng<\/p>\n","protected":false},"author":1,"featured_media":0,"parent":0,"menu_order":0,"comment_status":"closed","ping_status":"closed","template":"","meta":{"_acf_changed":false,"footnotes":""},"class_list":["post-7662","page","type-page","status-publish","hentry","generate-columns","tablet-grid-50","mobile-grid-100","grid-parent","grid-20","no-featured-image-padding"],"acf":[],"_links":{"self":[{"href":"https:\/\/lienthanh1906.vn\/en\/wp-json\/wp\/v2\/pages\/7662","targetHints":{"allow":["GET"]}}],"collection":[{"href":"https:\/\/lienthanh1906.vn\/en\/wp-json\/wp\/v2\/pages"}],"about":[{"href":"https:\/\/lienthanh1906.vn\/en\/wp-json\/wp\/v2\/types\/page"}],"author":[{"embeddable":true,"href":"https:\/\/lienthanh1906.vn\/en\/wp-json\/wp\/v2\/users\/1"}],"replies":[{"embeddable":true,"href":"https:\/\/lienthanh1906.vn\/en\/wp-json\/wp\/v2\/comments?post=7662"}],"version-history":[{"count":5,"href":"https:\/\/lienthanh1906.vn\/en\/wp-json\/wp\/v2\/pages\/7662\/revisions"}],"predecessor-version":[{"id":8699,"href":"https:\/\/lienthanh1906.vn\/en\/wp-json\/wp\/v2\/pages\/7662\/revisions\/8699"}],"wp:attachment":[{"href":"https:\/\/lienthanh1906.vn\/en\/wp-json\/wp\/v2\/media?parent=7662"}],"curies":[{"name":"wp","href":"https:\/\/api.w.org\/{rel}","templated":true}]}}