{"id":7656,"date":"2023-05-01T08:15:52","date_gmt":"2023-05-01T01:15:52","guid":{"rendered":"http:\/\/lienthanh.leanlab.vn\/salty-fish-sauce\/"},"modified":"2024-01-16T09:53:46","modified_gmt":"2024-01-16T02:53:46","slug":"salty-fish-sauce","status":"publish","type":"page","link":"https:\/\/lienthanh1906.vn\/en\/salty-fish-sauce\/","title":{"rendered":"Ordinary Fish Sauce"},"content":{"rendered":"\n<div class=\"wp-block-columns alignwide custom-section is-layout-flex wp-container-core-columns-is-layout-9d6595d7 wp-block-columns-is-layout-flex\">\n<div class=\"wp-block-column is-layout-flow wp-block-column-is-layout-flow\">\n<div class=\"wp-block-group box-text\"><div class=\"wp-block-group__inner-container is-layout-constrained wp-block-group-is-layout-constrained\">\n<h2 class=\"wp-block-heading\">Pure flavor of freshness<\/h2>\n\n\n\n<p>Whether you use Lien Thanh fish sauce for food dipping, food braising, or food seasoning into a hot pan, you always notice the pure flavor of freshness. This is all thanks to the process of mixing fresh fish with salt right on the sea. During the process of mixture, we make an attempt to not have any spoiled fish to avoid any sign of unpleasant scent in the finished fish sauce. This also sets Lien Thanh fish sauce apart from others, which is a result of nearly 120 years of experience in making fish sauce.<\/p>\n<\/div><\/div>\n<\/div>\n\n\n\n<div class=\"wp-block-column is-layout-flow wp-block-column-is-layout-flow\"><div class=\"gb-container gb-container-80a19e93\">\n<div class=\"gb-container gb-container-a62c8253\">\n<div class=\"gb-container gb-container-5beebe34\">\n\n<div class=\"wp-block-group has-background is-content-justification-center is-nowrap is-layout-flex wp-container-core-group-is-layout-94bc23d7 wp-block-group-is-layout-flex\" style=\"background-color:#ffffff00\">\n<figure class=\"wp-block-image size-full is-resized\"><img loading=\"lazy\" decoding=\"async\" src=\"https:\/\/lienthanh1906.vn\/wp-content\/uploads\/2023\/11\/nuoc-mam-lienthanh-min-1-1.png\" alt=\"\" class=\"wp-image-7626\" style=\"width:321px;height:402px\" width=\"321\" height=\"402\"\/><\/figure>\n<\/div>\n\n<\/div>\n<\/div>\n<\/div><\/div>\n<\/div>\n\n\n<div class=\"divider\"><\/div>\n\n\n\n<div class=\"wp-block-columns alignwide custom-section color-2 is-layout-flex wp-container-core-columns-is-layout-9d6595d7 wp-block-columns-is-layout-flex\">\n<div class=\"wp-block-column is-layout-flow wp-block-column-is-layout-flow\">\n<div class=\"wp-block-group box-text\"><div class=\"wp-block-group__inner-container is-layout-constrained wp-block-group-is-layout-constrained\">\n<h2 class=\"wp-block-heading\">Mixing fresh anchovies with salt on the sea<\/h2>\n\n\n\n<p>Throughout years, Lien Thanh has consistently manufactured fish sauce using <strong>the ratio of 3 portions of fish and 1 portion of salt<\/strong>, mixed directly on the collecting boats right on the sea rather than onshore. This method ensures the freshness of the anchovies without having any spoiled fish, which also minimizes the decomposition and the production of unpleasant scent but still maintains the exquisite scent of the fish sauce.<strong> <\/strong><\/p>\n<\/div><\/div>\n<\/div>\n\n\n\n<div class=\"wp-block-column is-layout-flow wp-block-column-is-layout-flow\">\n<figure class=\"wp-block-gallery has-nested-images columns-default is-cropped slick slick-equal image-slick wp-block-gallery-1 is-layout-flex wp-block-gallery-is-layout-flex\">\n<figure class=\"wp-block-image size-large\"><img loading=\"lazy\" decoding=\"async\" width=\"1024\" height=\"768\" data-id=\"108\" src=\"http:\/\/lienthanh1906.vn\/wp-content\/uploads\/2023\/05\/IMG_6646-1024x768.jpg\" alt=\"\" class=\"wp-image-108\" srcset=\"https:\/\/lienthanh1906.vn\/wp-content\/uploads\/2023\/05\/IMG_6646-1024x768.jpg 1024w, https:\/\/lienthanh1906.vn\/wp-content\/uploads\/2023\/05\/IMG_6646-300x225.jpg 300w, https:\/\/lienthanh1906.vn\/wp-content\/uploads\/2023\/05\/IMG_6646-600x450.jpg 600w, https:\/\/lienthanh1906.vn\/wp-content\/uploads\/2023\/05\/IMG_6646-768x576.jpg 768w, https:\/\/lienthanh1906.vn\/wp-content\/uploads\/2023\/05\/IMG_6646-1536x1152.jpg 1536w, https:\/\/lienthanh1906.vn\/wp-content\/uploads\/2023\/05\/IMG_6646.jpg 1613w\" sizes=\"auto, (max-width: 1024px) 100vw, 1024px\" \/><\/figure>\n\n\n\n<figure class=\"wp-block-image size-large\"><img loading=\"lazy\" decoding=\"async\" width=\"1024\" height=\"576\" data-id=\"109\" src=\"http:\/\/lienthanh1906.vn\/wp-content\/uploads\/2023\/05\/IMG_6691-1024x576.jpg\" alt=\"\" class=\"wp-image-109\" srcset=\"https:\/\/lienthanh1906.vn\/wp-content\/uploads\/2023\/05\/IMG_6691-1024x576.jpg 1024w, https:\/\/lienthanh1906.vn\/wp-content\/uploads\/2023\/05\/IMG_6691-300x169.jpg 300w, https:\/\/lienthanh1906.vn\/wp-content\/uploads\/2023\/05\/IMG_6691-600x338.jpg 600w, https:\/\/lienthanh1906.vn\/wp-content\/uploads\/2023\/05\/IMG_6691-768x432.jpg 768w, https:\/\/lienthanh1906.vn\/wp-content\/uploads\/2023\/05\/IMG_6691-1536x865.jpg 1536w, https:\/\/lienthanh1906.vn\/wp-content\/uploads\/2023\/05\/IMG_6691.jpg 1613w\" sizes=\"auto, (max-width: 1024px) 100vw, 1024px\" \/><\/figure>\n\n\n\n<figure class=\"wp-block-image size-large\"><img loading=\"lazy\" decoding=\"async\" width=\"1024\" height=\"768\" data-id=\"110\" src=\"http:\/\/lienthanh1906.vn\/wp-content\/uploads\/2023\/05\/IMG_6601-1024x768.jpg\" alt=\"\" class=\"wp-image-110\" srcset=\"https:\/\/lienthanh1906.vn\/wp-content\/uploads\/2023\/05\/IMG_6601-1024x768.jpg 1024w, https:\/\/lienthanh1906.vn\/wp-content\/uploads\/2023\/05\/IMG_6601-300x225.jpg 300w, https:\/\/lienthanh1906.vn\/wp-content\/uploads\/2023\/05\/IMG_6601-600x450.jpg 600w, https:\/\/lienthanh1906.vn\/wp-content\/uploads\/2023\/05\/IMG_6601-768x576.jpg 768w, https:\/\/lienthanh1906.vn\/wp-content\/uploads\/2023\/05\/IMG_6601-1536x1152.jpg 1536w, https:\/\/lienthanh1906.vn\/wp-content\/uploads\/2023\/05\/IMG_6601.jpg 1613w\" sizes=\"auto, (max-width: 1024px) 100vw, 1024px\" \/><\/figure>\n<\/figure>\n<\/div>\n<\/div>\n\n\n<div class=\"divider\"><\/div>\n\n\n\n<div class=\"wp-block-columns alignwide custom-section is-layout-flex wp-container-core-columns-is-layout-9d6595d7 wp-block-columns-is-layout-flex\">\n<div class=\"wp-block-column is-layout-flow wp-block-column-is-layout-flow\">\n<div class=\"wp-block-group box-text\"><div class=\"wp-block-group__inner-container is-layout-constrained wp-block-group-is-layout-constrained\">\n<h2 class=\"wp-block-heading\">Must be salted for the full duration<\/h2>\n\n\n\n<p>The salted used in fermenting anchovies is thoroughly aged, which contains a <strong>very small amount of Mg2+ <\/strong>&#8211; the metallic ions causing the bitter taste and the inherent increased humidity found in the salt from the Central area of Vietnam.<\/p>\n\n\n\n<p>However, the fully-aged dry salt lessens the salty bitterness in fish sauce. On the other hand, it also <strong>helps to avoid spoiled fish caused by humidity<\/strong>, which helps to preserve the exquisite aroma.<\/p>\n\n\n\n<p><strong> <\/strong><\/p>\n<\/div><\/div>\n<\/div>\n\n\n\n<div class=\"wp-block-column is-layout-flow wp-block-column-is-layout-flow\">\n<figure class=\"wp-block-gallery has-nested-images columns-default is-cropped slick slick-equal image-slick wp-block-gallery-2 is-layout-flex wp-block-gallery-is-layout-flex\">\n<figure class=\"wp-block-image size-large\"><img loading=\"lazy\" decoding=\"async\" width=\"1024\" height=\"680\" data-id=\"111\" src=\"http:\/\/lienthanh1906.vn\/wp-content\/uploads\/2023\/05\/ruong-muoi-2-1024x680.jpeg\" alt=\"\" class=\"wp-image-111\" srcset=\"https:\/\/lienthanh1906.vn\/wp-content\/uploads\/2023\/05\/ruong-muoi-2-1024x680.jpeg 1024w, https:\/\/lienthanh1906.vn\/wp-content\/uploads\/2023\/05\/ruong-muoi-2-300x199.jpeg 300w, https:\/\/lienthanh1906.vn\/wp-content\/uploads\/2023\/05\/ruong-muoi-2-600x399.jpeg 600w, https:\/\/lienthanh1906.vn\/wp-content\/uploads\/2023\/05\/ruong-muoi-2-768x510.jpeg 768w, https:\/\/lienthanh1906.vn\/wp-content\/uploads\/2023\/05\/ruong-muoi-2-1536x1020.jpeg 1536w, https:\/\/lienthanh1906.vn\/wp-content\/uploads\/2023\/05\/ruong-muoi-2.jpeg 1716w\" sizes=\"auto, (max-width: 1024px) 100vw, 1024px\" \/><\/figure>\n\n\n\n<figure class=\"wp-block-image size-large\"><img loading=\"lazy\" decoding=\"async\" width=\"1024\" height=\"576\" data-id=\"112\" src=\"http:\/\/lienthanh1906.vn\/wp-content\/uploads\/2023\/05\/ruong-muoi-1-1024x576.jpeg\" alt=\"\" class=\"wp-image-112\" srcset=\"https:\/\/lienthanh1906.vn\/wp-content\/uploads\/2023\/05\/ruong-muoi-1-1024x576.jpeg 1024w, https:\/\/lienthanh1906.vn\/wp-content\/uploads\/2023\/05\/ruong-muoi-1-300x169.jpeg 300w, https:\/\/lienthanh1906.vn\/wp-content\/uploads\/2023\/05\/ruong-muoi-1-600x338.jpeg 600w, https:\/\/lienthanh1906.vn\/wp-content\/uploads\/2023\/05\/ruong-muoi-1-768x432.jpeg 768w, https:\/\/lienthanh1906.vn\/wp-content\/uploads\/2023\/05\/ruong-muoi-1-1536x864.jpeg 1536w, https:\/\/lienthanh1906.vn\/wp-content\/uploads\/2023\/05\/ruong-muoi-1.jpeg 1800w\" sizes=\"auto, (max-width: 1024px) 100vw, 1024px\" \/><\/figure>\n\n\n\n<figure class=\"wp-block-image size-large\"><img loading=\"lazy\" decoding=\"async\" width=\"1024\" height=\"342\" data-id=\"2381\" src=\"http:\/\/lienthanh1906.vn\/wp-content\/uploads\/2021\/06\/3-muoi-scaled-1-1024x342.jpg\" alt=\"\" class=\"wp-image-2381\" srcset=\"https:\/\/lienthanh1906.vn\/wp-content\/uploads\/2021\/06\/3-muoi-scaled-1-1024x342.jpg 1024w, https:\/\/lienthanh1906.vn\/wp-content\/uploads\/2021\/06\/3-muoi-scaled-1-300x100.jpg 300w, https:\/\/lienthanh1906.vn\/wp-content\/uploads\/2021\/06\/3-muoi-scaled-1-600x200.jpg 600w, https:\/\/lienthanh1906.vn\/wp-content\/uploads\/2021\/06\/3-muoi-scaled-1-768x256.jpg 768w, https:\/\/lienthanh1906.vn\/wp-content\/uploads\/2021\/06\/3-muoi-scaled-1-1536x512.jpg 1536w, https:\/\/lienthanh1906.vn\/wp-content\/uploads\/2021\/06\/3-muoi-scaled-1-2048x683.jpg 2048w\" sizes=\"auto, (max-width: 1024px) 100vw, 1024px\" \/><\/figure>\n<\/figure>\n<\/div>\n<\/div>\n\n\n<div class=\"divider\"><\/div>\n\n\n\n<div class=\"wp-block-columns custom-section is-layout-flex wp-container-core-columns-is-layout-9d6595d7 wp-block-columns-is-layout-flex\">\n<div class=\"wp-block-column is-layout-flow wp-block-column-is-layout-flow\" style=\"flex-basis:22%\">\n<figure class=\"gb-block-image gb-block-image-81e5fcac\"><img loading=\"lazy\" decoding=\"async\" width=\"681\" height=\"861\" class=\"gb-image gb-image-81e5fcac\" src=\"https:\/\/lienthanh1906.vn\/wp-content\/uploads\/2023\/11\/nuoc-mam-lienthanh-min-1-2.png\" alt=\"\" title=\"nuoc-mam-lienthanh-min-1-2\" srcset=\"https:\/\/lienthanh1906.vn\/wp-content\/uploads\/2023\/11\/nuoc-mam-lienthanh-min-1-2.png 681w, https:\/\/lienthanh1906.vn\/wp-content\/uploads\/2023\/11\/nuoc-mam-lienthanh-min-1-2-237x300.png 237w, https:\/\/lienthanh1906.vn\/wp-content\/uploads\/2023\/11\/nuoc-mam-lienthanh-min-1-2-300x379.png 300w, https:\/\/lienthanh1906.vn\/wp-content\/uploads\/2023\/11\/nuoc-mam-lienthanh-min-1-2-600x759.png 600w\" sizes=\"auto, (max-width: 681px) 100vw, 681px\" \/><\/figure>\n<\/div>\n\n\n\n<div class=\"wp-block-column is-layout-flow wp-block-column-is-layout-flow\">\n<div class=\"post-list post-list-slick-3 slick-equal\">\n            <a href=\"https:\/\/lienthanh1906.vn\/en\/goi-y-mon-an-oc-luoc-cham-mam-sa\/\" class=\"post-list-item\">\n            <div class=\"box-image\">\n                <img loading=\"lazy\" decoding=\"async\" width=\"735\" height=\"422\" src=\"https:\/\/lienthanh1906.vn\/wp-content\/uploads\/2024\/01\/oc-luoc-cham-mam-sa-1-e1705040532628.png\" class=\"attachment-large size-large wp-post-image\" alt=\"\" \/>            <\/div>\n            <div class=\"box-text\">\n                <h3>Recommend dish: Snail boiled with lemongrass fish sauce<\/h3>\n                <div><p>Suggested dish: Snail boiled with lemongrass fish sauce Ingredients: Instruction: Step 1: Prepare the snail Step 2: Making lemongrass fish sauce B\u01b0\u1edbc 3: Serve and enjoy Serve the snails in a bowl with the fragrant lemongrass fish sauce and spicy ginger. This is sure to be a delicious dish for<\/p>\n<\/div>\n                <p class=\"readmore\">View more \u00bb<\/p>\n            <\/div>\n\n            <div class=\"date\"><i class=\"fas fa-calendar\"><\/i> 12 January, 2024<\/div>\n        <\/a>\n        \n                <a href=\"https:\/\/lienthanh1906.vn\/en\/goi-y-mon-an-banh-trang-lui\/\" class=\"post-list-item\">\n            <div class=\"box-image\">\n                <img loading=\"lazy\" decoding=\"async\" width=\"748\" height=\"493\" src=\"https:\/\/lienthanh1906.vn\/wp-content\/uploads\/2024\/01\/banh-trang-lui.jpg\" class=\"attachment-large size-large wp-post-image\" alt=\"\" srcset=\"https:\/\/lienthanh1906.vn\/wp-content\/uploads\/2024\/01\/banh-trang-lui.jpg 748w, https:\/\/lienthanh1906.vn\/wp-content\/uploads\/2024\/01\/banh-trang-lui-300x198.jpg 300w, https:\/\/lienthanh1906.vn\/wp-content\/uploads\/2024\/01\/banh-trang-lui-600x395.jpg 600w\" sizes=\"auto, (max-width: 748px) 100vw, 748px\" \/>            <\/div>\n            <div class=\"box-text\">\n                <h3>Recommend dish: Rice paper &#8220;lui&#8221;<\/h3>\n                <div><p>Recommend dish: Rice paper &#8220;lui&#8221; Ingredients: Instructions: Step 1: Make the filling Step 2: Make the fish sauce Step 3: Roll the rice paper Step 4: Serve and enjoy Serve the rolled rice paper on a plate with a dipping sauce. Enjoy! What are you waiting for? Go to the<\/p>\n<\/div>\n                <p class=\"readmore\">View more \u00bb<\/p>\n            <\/div>\n\n            <div class=\"date\"><i class=\"fas fa-calendar\"><\/i> 12 January, 2024<\/div>\n        <\/a>\n        \n                <a href=\"https:\/\/lienthanh1906.vn\/en\/goi-y-mon-an-cha-gio-ran\/\" class=\"post-list-item\">\n            <div class=\"box-image\">\n                <img loading=\"lazy\" decoding=\"async\" width=\"512\" height=\"341\" src=\"https:\/\/lienthanh1906.vn\/wp-content\/uploads\/2023\/12\/cha-gio-ran.jpg\" class=\"attachment-large size-large wp-post-image\" alt=\"\" srcset=\"https:\/\/lienthanh1906.vn\/wp-content\/uploads\/2023\/12\/cha-gio-ran.jpg 512w, https:\/\/lienthanh1906.vn\/wp-content\/uploads\/2023\/12\/cha-gio-ran-300x200.jpg 300w\" sizes=\"auto, (max-width: 512px) 100vw, 512px\" \/>            <\/div>\n            <div class=\"box-text\">\n                <h3>Recommend dish: Spring roll<\/h3>\n                <div><p>Recommend dish: Spring roll Ingredients: Instructions Step 1: Prepare the ingredients Step 2: Fry the spring rolls Step 3: Making fish sauce mixture Step 4: Serve and enjoy Arrange the spring rolls on a plate with some fresh herbs and a bowl of sweet and sour dipping sauce with garlic<\/p>\n<\/div>\n                <p class=\"readmore\">View more \u00bb<\/p>\n            <\/div>\n\n            <div class=\"date\"><i class=\"fas fa-calendar\"><\/i> 29 December, 2023<\/div>\n        <\/a>\n        \n                <a href=\"https:\/\/lienthanh1906.vn\/en\/goi-y-mon-an-chan-ga-sot-thai\/\" class=\"post-list-item\">\n            <div class=\"box-image\">\n                <img loading=\"lazy\" decoding=\"async\" width=\"750\" height=\"500\" src=\"https:\/\/lienthanh1906.vn\/wp-content\/uploads\/2023\/12\/chan-ga-sa-tac.jpg\" class=\"attachment-large size-large wp-post-image\" alt=\"\" srcset=\"https:\/\/lienthanh1906.vn\/wp-content\/uploads\/2023\/12\/chan-ga-sa-tac.jpg 750w, https:\/\/lienthanh1906.vn\/wp-content\/uploads\/2023\/12\/chan-ga-sa-tac-300x200.jpg 300w, https:\/\/lienthanh1906.vn\/wp-content\/uploads\/2023\/12\/chan-ga-sa-tac-600x400.jpg 600w\" sizes=\"auto, (max-width: 750px) 100vw, 750px\" \/>            <\/div>\n            <div class=\"box-text\">\n                <h3>Recommend dish: Thai-style chicken feet<\/h3>\n                <div><p>Recommend dish: Thai-style chicken feet Ingredients: Instructions: Step 1: Prepare the chicken feet Step 2: Make the Thai sauce Step 3: Mix the chicken sauce with Thai sauce Step 4: Serve and enjoy Arrange the finished chicken feet on a plate and garnish with a few slices of lime and<\/p>\n<\/div>\n                <p class=\"readmore\">View more \u00bb<\/p>\n            <\/div>\n\n            <div class=\"date\"><i class=\"fas fa-calendar\"><\/i> 28 December, 2023<\/div>\n        <\/a>\n        \n                <a href=\"https:\/\/lienthanh1906.vn\/en\/goi-y-mon-an-goi-cuon-tom-thit\/\" class=\"post-list-item\">\n            <div class=\"box-image\">\n                <img loading=\"lazy\" decoding=\"async\" width=\"500\" height=\"300\" src=\"https:\/\/lienthanh1906.vn\/wp-content\/uploads\/2023\/11\/image.jpeg\" class=\"attachment-large size-large wp-post-image\" alt=\"\" srcset=\"https:\/\/lienthanh1906.vn\/wp-content\/uploads\/2023\/11\/image.jpeg 500w, https:\/\/lienthanh1906.vn\/wp-content\/uploads\/2023\/11\/image-300x180.jpeg 300w\" sizes=\"auto, (max-width: 500px) 100vw, 500px\" \/>            <\/div>\n            <div class=\"box-text\">\n                <h3>G\u1ee3i \u00fd m\u00f3n \u0103n: G\u1ecfi cu\u1ed1n t\u00f4m th\u1ecbt<\/h3>\n                <div><p>Nguy\u00ean li\u1ec7u ch\u00ednh: Th\u1ecbt th\u0103n heo: 300g T\u00f4m: 300g Gi\u00e1, h\u1eb9 Rau s\u1ed1ng \u0103n k\u00e8m (x\u00e0 l\u00e1ch, di\u1ebfp c\u00e1, rau th\u01a1m,&#8230;) T\u1ecfi, \u1edbt, chanh t\u01b0\u01a1i B\u00fan t\u01b0\u01a1i B\u00e1nh tr\u00e1ng C\u1ee7 c\u1ea3i tr\u1eafng, c\u00e0 r\u1ed1t: 2-3 c\u1ee7 N\u01b0\u1edbc m\u1eafm Li\u00ean Th\u00e0nh \u0110\u01b0\u1eddng Gi\u1ea5m C\u00e1ch l\u00e0m: B\u01b0\u1edbc 1: S\u01a1 ch\u1ebf nguy\u00ean li\u1ec7u:<\/p>\n<\/div>\n                <p class=\"readmore\">View more \u00bb<\/p>\n            <\/div>\n\n            <div class=\"date\"><i class=\"fas fa-calendar\"><\/i> 22 November, 2023<\/div>\n        <\/a>\n        \n                <a href=\"https:\/\/lienthanh1906.vn\/en\/goi-y-mon-an-dui-ga-rim-mam-toi\/\" class=\"post-list-item\">\n            <div class=\"box-image\">\n                <img loading=\"lazy\" decoding=\"async\" width=\"1024\" height=\"577\" src=\"https:\/\/lienthanh1906.vn\/wp-content\/uploads\/2023\/11\/1-1200x676-63-1024x577.jpeg\" class=\"attachment-large size-large wp-post-image\" alt=\"\" srcset=\"https:\/\/lienthanh1906.vn\/wp-content\/uploads\/2023\/11\/1-1200x676-63-1024x577.jpeg 1024w, https:\/\/lienthanh1906.vn\/wp-content\/uploads\/2023\/11\/1-1200x676-63-300x169.jpeg 300w, https:\/\/lienthanh1906.vn\/wp-content\/uploads\/2023\/11\/1-1200x676-63-768x433.jpeg 768w, https:\/\/lienthanh1906.vn\/wp-content\/uploads\/2023\/11\/1-1200x676-63-600x338.jpeg 600w, https:\/\/lienthanh1906.vn\/wp-content\/uploads\/2023\/11\/1-1200x676-63.jpeg 1200w\" sizes=\"auto, (max-width: 1024px) 100vw, 1024px\" \/>            <\/div>\n            <div class=\"box-text\">\n                <h3>G\u1ee3i \u00fd m\u00f3n \u0103n: \u0110\u00f9i g\u00e0 rim m\u1eafm t\u1ecfi<\/h3>\n                <div><p>Nguy\u00ean li\u1ec7u: 4 \u0111\u00f9i g\u00e0 1 c\u1ee7 h\u00e0nh t\u00edm 1 c\u1ee7 1 t\u00e9p t\u1ecfi 2 t\u00e9p 1 nh\u00e1nh g\u1eebng 1 nh\u00e1nh 1 c\u1ee7 h\u00e0nh t\u00e2y 1 c\u1ee7 1 mu\u1ed7ng canh m\u1eadt ong&nbsp; 2 mu\u1ed7ng canh n\u01b0\u1edbc c\u1ed1t chanh&nbsp; 1 mu\u1ed7ng c\u00e0 ph\u00ea t\u01b0\u01a1ng \u1edbt&nbsp; 1 mu\u1ed7ng c\u00e0 ph\u00ea t\u01b0\u01a1ng c\u00e0&nbsp;<\/p>\n<\/div>\n                <p class=\"readmore\">View more \u00bb<\/p>\n            <\/div>\n\n            <div class=\"date\"><i class=\"fas fa-calendar\"><\/i> 8 November, 2023<\/div>\n        <\/a>\n        \n        <\/div>\n\n<\/div>\n<\/div>\n\n\n<div class=\"divider\"><\/div>\n","protected":false},"excerpt":{"rendered":"<p>Pure flavor of freshness Whether you use Lien Thanh fish sauce for food dipping, food braising, or food seasoning into a hot pan, you always notice the pure flavor of freshness. This is all thanks to the process of mixing fresh fish with salt right on the sea. During the<\/p>\n","protected":false},"author":1,"featured_media":0,"parent":0,"menu_order":0,"comment_status":"closed","ping_status":"closed","template":"","meta":{"_acf_changed":false,"footnotes":""},"class_list":["post-7656","page","type-page","status-publish","hentry","generate-columns","tablet-grid-50","mobile-grid-100","grid-parent","grid-20","no-featured-image-padding"],"acf":[],"_links":{"self":[{"href":"https:\/\/lienthanh1906.vn\/en\/wp-json\/wp\/v2\/pages\/7656","targetHints":{"allow":["GET"]}}],"collection":[{"href":"https:\/\/lienthanh1906.vn\/en\/wp-json\/wp\/v2\/pages"}],"about":[{"href":"https:\/\/lienthanh1906.vn\/en\/wp-json\/wp\/v2\/types\/page"}],"author":[{"embeddable":true,"href":"https:\/\/lienthanh1906.vn\/en\/wp-json\/wp\/v2\/users\/1"}],"replies":[{"embeddable":true,"href":"https:\/\/lienthanh1906.vn\/en\/wp-json\/wp\/v2\/comments?post=7656"}],"version-history":[{"count":2,"href":"https:\/\/lienthanh1906.vn\/en\/wp-json\/wp\/v2\/pages\/7656\/revisions"}],"predecessor-version":[{"id":7707,"href":"https:\/\/lienthanh1906.vn\/en\/wp-json\/wp\/v2\/pages\/7656\/revisions\/7707"}],"wp:attachment":[{"href":"https:\/\/lienthanh1906.vn\/en\/wp-json\/wp\/v2\/media?parent=7656"}],"curies":[{"name":"wp","href":"https:\/\/api.w.org\/{rel}","templated":true}]}}