{"id":7658,"date":"2023-05-01T08:16:16","date_gmt":"2023-05-01T01:16:16","guid":{"rendered":"http:\/\/lienthanh.leanlab.vn\/vegetarian-fish-sauce\/"},"modified":"2024-01-16T10:57:57","modified_gmt":"2024-01-16T03:57:57","slug":"vegetarian-fish-sauce","status":"publish","type":"page","link":"http:\/\/lienthanh1906.vn\/en\/vegetarian-fish-sauce\/","title":{"rendered":"Vegan Fish Sauce"},"content":{"rendered":"\n<div class=\"wp-block-columns alignwide custom-section is-layout-flex wp-container-core-columns-is-layout-9d6595d7 wp-block-columns-is-layout-flex\">\n<div class=\"wp-block-column is-layout-flow wp-block-column-is-layout-flow\">\n<div class=\"wp-block-group box-text\"><div class=\"wp-block-group__inner-container is-layout-constrained wp-block-group-is-layout-constrained\">\n<h2 class=\"wp-block-heading\">Savory taste from plant-based protein<\/h2>\n\n\n\n<p>Lien Thanh vegan fish sauce is manufactured akin to the traditional fish sauce with <strong>the ratio of pineapple and salt being about 3:1<\/strong>, fermented for a meticulous 4 months.<\/p>\n\n\n\n<p>The secret for this is from the usage of the <strong>Bromelain enzyme<\/strong> present in pineapple for fermenting nutrients, yielding a diluted essence of plant-based protein.<\/p>\n\n\n\n<p>This diluted essence, which was derived from the core essence, aims to bring <strong>a rich sweetness &#8211; an unmatched flavor<\/strong> that has never found in any other vegan fish sauce.<\/p>\n<\/div><\/div>\n<\/div>\n\n\n\n<div class=\"wp-block-column is-layout-flow wp-block-column-is-layout-flow\">\n<figure class=\"gb-block-image gb-block-image-f95ebe5f\"><img loading=\"lazy\" decoding=\"async\" width=\"1072\" height=\"604\" class=\"gb-image gb-image-f95ebe5f box-video\" src=\"http:\/\/lienthanh1906.vn\/wp-content\/uploads\/2023\/06\/nuoc-mam-chay-kv.png\" alt=\"\" title=\"nuoc-mam-chay-kv\" data-video=\"9AphBN-pw3Y\" srcset=\"http:\/\/lienthanh1906.vn\/wp-content\/uploads\/2023\/06\/nuoc-mam-chay-kv.png 1072w, http:\/\/lienthanh1906.vn\/wp-content\/uploads\/2023\/06\/nuoc-mam-chay-kv-300x169.png 300w, http:\/\/lienthanh1906.vn\/wp-content\/uploads\/2023\/06\/nuoc-mam-chay-kv-1024x577.png 1024w, http:\/\/lienthanh1906.vn\/wp-content\/uploads\/2023\/06\/nuoc-mam-chay-kv-768x433.png 768w, http:\/\/lienthanh1906.vn\/wp-content\/uploads\/2023\/06\/nuoc-mam-chay-kv-600x338.png 600w\" sizes=\"auto, (max-width: 1072px) 100vw, 1072px\" \/><\/figure>\n<\/div>\n<\/div>\n\n\n<div class=\"divider\"><\/div>\n\n\n\n<div class=\"wp-block-columns alignwide custom-section color-2 is-layout-flex wp-container-core-columns-is-layout-9d6595d7 wp-block-columns-is-layout-flex\">\n<div class=\"wp-block-column is-layout-flow wp-block-column-is-layout-flow\">\n<div class=\"wp-block-group box-text\"><div class=\"wp-block-group__inner-container is-layout-constrained wp-block-group-is-layout-constrained\">\n<h2 class=\"wp-block-heading\">Vegan plant-based protein with the \u201cEureka\u201d moment<\/h2>\n\n\n\n<p><strong>Throughout the 2011 fishing season<\/strong>, Lien Thanh eagerly awaited lots of the fish catches but there weren\u2019t any of them. Amidst this, Lien Thanh\u2019s director brought pineapples to an experiment with the thought of whether the pineapple with enzyme bromelain could make vegan fish sauce akin to the traditional fish sauce fermented from fish. The thought of the director was validated four months later when the staff who was in charge of quality control tested the essence and confirmed that it came with a \u201cfish sauce\u201d scent. That was the \u201cEureka\u201d moment which marked the inception of Lien Thanh 5-Degree Vegan Fish Sauce as you know.<\/p>\n<\/div><\/div>\n<\/div>\n\n\n\n<div class=\"wp-block-column is-layout-flow wp-block-column-is-layout-flow\">\n<figure class=\"gb-block-image gb-block-image-3984179d\"><img loading=\"lazy\" decoding=\"async\" width=\"1634\" height=\"1420\" class=\"gb-image gb-image-3984179d box-image\" src=\"http:\/\/lienthanh1906.vn\/wp-content\/uploads\/2023\/05\/nuoc-mam-chay-01.png\" alt=\"\" title=\"nuoc-mam-chay-01\" srcset=\"http:\/\/lienthanh1906.vn\/wp-content\/uploads\/2023\/05\/nuoc-mam-chay-01.png 1634w, http:\/\/lienthanh1906.vn\/wp-content\/uploads\/2023\/05\/nuoc-mam-chay-01-300x261.png 300w, http:\/\/lienthanh1906.vn\/wp-content\/uploads\/2023\/05\/nuoc-mam-chay-01-600x521.png 600w, http:\/\/lienthanh1906.vn\/wp-content\/uploads\/2023\/05\/nuoc-mam-chay-01-1024x890.png 1024w, http:\/\/lienthanh1906.vn\/wp-content\/uploads\/2023\/05\/nuoc-mam-chay-01-768x667.png 768w, http:\/\/lienthanh1906.vn\/wp-content\/uploads\/2023\/05\/nuoc-mam-chay-01-1536x1335.png 1536w\" sizes=\"auto, (max-width: 1634px) 100vw, 1634px\" \/><\/figure>\n<\/div>\n<\/div>\n\n\n<div class=\"divider\"><\/div>\n\n\n\n<div class=\"wp-block-columns alignwide custom-section is-layout-flex wp-container-core-columns-is-layout-9d6595d7 wp-block-columns-is-layout-flex\">\n<div class=\"wp-block-column is-layout-flow wp-block-column-is-layout-flow\">\n<div class=\"wp-block-group box-text\"><div class=\"wp-block-group__inner-container is-layout-constrained wp-block-group-is-layout-constrained\">\n<h2 class=\"wp-block-heading\">Full-Flavored Vegetarian Meals<\/h2>\n\n\n\n<p>For the long-term vegetarians or those who are new to vegetarian meals, they will notice <strong>a full-flavored taste<\/strong> from Lien Thanh vegan fish sauce even though they are accustomed to ordinary dishes. It is all thanks to <strong>the sweetness of plant-based protein <\/strong>that will eliminate the feeling of bald taste in vegetarian meals, making the vegetarian meals more appetizing whether for food dipping or food braising. Let\u2019s give it a try and enjoy the difference!<\/p>\n<\/div><\/div>\n<\/div>\n\n\n\n<div class=\"wp-block-column is-layout-flow wp-block-column-is-layout-flow\">\n<figure class=\"gb-block-image gb-block-image-23894442\"><img loading=\"lazy\" decoding=\"async\" width=\"2160\" height=\"1441\" class=\"gb-image gb-image-23894442 box-image\" src=\"http:\/\/lienthanh1906.vn\/wp-content\/uploads\/2023\/05\/nuoc-mam-chay-02.png\" alt=\"\" title=\"nuoc-mam-chay-02\" srcset=\"http:\/\/lienthanh1906.vn\/wp-content\/uploads\/2023\/05\/nuoc-mam-chay-02.png 2160w, http:\/\/lienthanh1906.vn\/wp-content\/uploads\/2023\/05\/nuoc-mam-chay-02-300x200.png 300w, http:\/\/lienthanh1906.vn\/wp-content\/uploads\/2023\/05\/nuoc-mam-chay-02-600x400.png 600w, http:\/\/lienthanh1906.vn\/wp-content\/uploads\/2023\/05\/nuoc-mam-chay-02-1024x683.png 1024w, http:\/\/lienthanh1906.vn\/wp-content\/uploads\/2023\/05\/nuoc-mam-chay-02-768x512.png 768w, http:\/\/lienthanh1906.vn\/wp-content\/uploads\/2023\/05\/nuoc-mam-chay-02-1536x1025.png 1536w, http:\/\/lienthanh1906.vn\/wp-content\/uploads\/2023\/05\/nuoc-mam-chay-02-2048x1366.png 2048w\" sizes=\"auto, (max-width: 2160px) 100vw, 2160px\" \/><\/figure>\n<\/div>\n<\/div>\n\n\n\n<div class=\"wp-block-columns is-layout-flex wp-container-core-columns-is-layout-9d6595d7 wp-block-columns-is-layout-flex\">\n<div class=\"wp-block-column custom-section color-0 is-layout-flow wp-block-column-is-layout-flow\">\n<h2 class=\"wp-block-heading has-text-align-center\">Lien Thanh vegetarian fish sauce trial program<\/h2>\n\n\n\n<figure class=\"wp-block-gallery has-nested-images columns-6 dungthu-slick control-outside wp-block-gallery-1 is-layout-flex wp-block-gallery-is-layout-flex\">\n<figure class=\"wp-block-image size-large\"><img loading=\"lazy\" decoding=\"async\" width=\"1024\" height=\"768\" data-id=\"3660\" src=\"http:\/\/lienthanh1906.vn\/wp-content\/uploads\/2023\/06\/1-1024x768.jpg\" alt=\"\" class=\"wp-image-3660\" style=\"aspect-ratio:1;object-fit:cover\" srcset=\"http:\/\/lienthanh1906.vn\/wp-content\/uploads\/2023\/06\/1-1024x768.jpg 1024w, http:\/\/lienthanh1906.vn\/wp-content\/uploads\/2023\/06\/1-300x225.jpg 300w, http:\/\/lienthanh1906.vn\/wp-content\/uploads\/2023\/06\/1-768x576.jpg 768w, http:\/\/lienthanh1906.vn\/wp-content\/uploads\/2023\/06\/1-1536x1152.jpg 1536w, http:\/\/lienthanh1906.vn\/wp-content\/uploads\/2023\/06\/1-2048x1536.jpg 2048w, http:\/\/lienthanh1906.vn\/wp-content\/uploads\/2023\/06\/1-600x450.jpg 600w\" sizes=\"auto, (max-width: 1024px) 100vw, 1024px\" \/><\/figure>\n\n\n\n<figure class=\"wp-block-image size-large\"><img loading=\"lazy\" decoding=\"async\" width=\"1024\" height=\"768\" data-id=\"3661\" src=\"http:\/\/lienthanh1906.vn\/wp-content\/uploads\/2023\/06\/2-1024x768.jpg\" alt=\"\" class=\"wp-image-3661\" style=\"aspect-ratio:1;object-fit:cover\" srcset=\"http:\/\/lienthanh1906.vn\/wp-content\/uploads\/2023\/06\/2-1024x768.jpg 1024w, http:\/\/lienthanh1906.vn\/wp-content\/uploads\/2023\/06\/2-300x225.jpg 300w, http:\/\/lienthanh1906.vn\/wp-content\/uploads\/2023\/06\/2-768x576.jpg 768w, http:\/\/lienthanh1906.vn\/wp-content\/uploads\/2023\/06\/2-1536x1152.jpg 1536w, http:\/\/lienthanh1906.vn\/wp-content\/uploads\/2023\/06\/2-2048x1536.jpg 2048w, http:\/\/lienthanh1906.vn\/wp-content\/uploads\/2023\/06\/2-600x450.jpg 600w\" sizes=\"auto, (max-width: 1024px) 100vw, 1024px\" \/><\/figure>\n\n\n\n<figure class=\"wp-block-image size-large\"><img loading=\"lazy\" decoding=\"async\" width=\"1024\" height=\"768\" data-id=\"3662\" src=\"http:\/\/lienthanh1906.vn\/wp-content\/uploads\/2023\/06\/3-1024x768.jpg\" alt=\"\" class=\"wp-image-3662\" style=\"aspect-ratio:1;object-fit:cover\" srcset=\"http:\/\/lienthanh1906.vn\/wp-content\/uploads\/2023\/06\/3-1024x768.jpg 1024w, http:\/\/lienthanh1906.vn\/wp-content\/uploads\/2023\/06\/3-300x225.jpg 300w, http:\/\/lienthanh1906.vn\/wp-content\/uploads\/2023\/06\/3-768x576.jpg 768w, http:\/\/lienthanh1906.vn\/wp-content\/uploads\/2023\/06\/3-1536x1152.jpg 1536w, http:\/\/lienthanh1906.vn\/wp-content\/uploads\/2023\/06\/3-2048x1536.jpg 2048w, http:\/\/lienthanh1906.vn\/wp-content\/uploads\/2023\/06\/3-600x450.jpg 600w\" sizes=\"auto, (max-width: 1024px) 100vw, 1024px\" \/><\/figure>\n\n\n\n<figure class=\"wp-block-image size-large\"><img loading=\"lazy\" decoding=\"async\" width=\"1024\" height=\"768\" data-id=\"3664\" src=\"http:\/\/lienthanh1906.vn\/wp-content\/uploads\/2023\/06\/5-1024x768.jpg\" alt=\"\" class=\"wp-image-3664\" style=\"aspect-ratio:1;object-fit:cover\" srcset=\"http:\/\/lienthanh1906.vn\/wp-content\/uploads\/2023\/06\/5-1024x768.jpg 1024w, http:\/\/lienthanh1906.vn\/wp-content\/uploads\/2023\/06\/5-300x225.jpg 300w, http:\/\/lienthanh1906.vn\/wp-content\/uploads\/2023\/06\/5-768x576.jpg 768w, http:\/\/lienthanh1906.vn\/wp-content\/uploads\/2023\/06\/5-1536x1152.jpg 1536w, http:\/\/lienthanh1906.vn\/wp-content\/uploads\/2023\/06\/5-2048x1536.jpg 2048w, http:\/\/lienthanh1906.vn\/wp-content\/uploads\/2023\/06\/5-600x450.jpg 600w\" sizes=\"auto, (max-width: 1024px) 100vw, 1024px\" \/><\/figure>\n\n\n\n<figure class=\"wp-block-image size-large\"><img loading=\"lazy\" decoding=\"async\" width=\"1024\" height=\"768\" data-id=\"3665\" src=\"http:\/\/lienthanh1906.vn\/wp-content\/uploads\/2023\/06\/6-1024x768.jpg\" alt=\"\" class=\"wp-image-3665\" style=\"aspect-ratio:1;object-fit:cover\" srcset=\"http:\/\/lienthanh1906.vn\/wp-content\/uploads\/2023\/06\/6-1024x768.jpg 1024w, http:\/\/lienthanh1906.vn\/wp-content\/uploads\/2023\/06\/6-300x225.jpg 300w, http:\/\/lienthanh1906.vn\/wp-content\/uploads\/2023\/06\/6-768x576.jpg 768w, http:\/\/lienthanh1906.vn\/wp-content\/uploads\/2023\/06\/6-600x450.jpg 600w, http:\/\/lienthanh1906.vn\/wp-content\/uploads\/2023\/06\/6.jpg 1280w\" sizes=\"auto, (max-width: 1024px) 100vw, 1024px\" \/><\/figure>\n\n\n\n<figure class=\"wp-block-image size-large\"><img loading=\"lazy\" decoding=\"async\" width=\"1280\" height=\"960\" data-id=\"3667\" src=\"http:\/\/lienthanh1906.vn\/wp-content\/uploads\/2023\/06\/8-1024x768.jpg\" alt=\"\" class=\"wp-image-3667\" style=\"aspect-ratio:1;object-fit:cover\" srcset=\"http:\/\/lienthanh1906.vn\/wp-content\/uploads\/2023\/06\/8-1024x768.jpg 1024w, http:\/\/lienthanh1906.vn\/wp-content\/uploads\/2023\/06\/8-300x225.jpg 300w, http:\/\/lienthanh1906.vn\/wp-content\/uploads\/2023\/06\/8-768x576.jpg 768w, http:\/\/lienthanh1906.vn\/wp-content\/uploads\/2023\/06\/8-600x450.jpg 600w, http:\/\/lienthanh1906.vn\/wp-content\/uploads\/2023\/06\/8.jpg 1280w\" sizes=\"auto, (max-width: 1280px) 100vw, 1280px\" \/><\/figure>\n<\/figure>\n<\/div>\n<\/div>\n\n\n<div class=\"divider\"><\/div>\n\n\n\n<div class=\"wp-block-columns custom-section is-layout-flex wp-container-core-columns-is-layout-9d6595d7 wp-block-columns-is-layout-flex\">\n<div class=\"wp-block-column is-layout-flow wp-block-column-is-layout-flow\" style=\"flex-basis:22%\">\n<figure class=\"gb-block-image gb-block-image-2cd09c4e\"><img loading=\"lazy\" decoding=\"async\" width=\"1392\" height=\"2103\" class=\"gb-image gb-image-2cd09c4e\" src=\"http:\/\/lienthanh1906.vn\/wp-content\/uploads\/2023\/05\/nuoc-mam-chay-lien-thanh.png\" alt=\"\" title=\"nuoc-mam-chay-lien-thanh\" srcset=\"http:\/\/lienthanh1906.vn\/wp-content\/uploads\/2023\/05\/nuoc-mam-chay-lien-thanh.png 1392w, http:\/\/lienthanh1906.vn\/wp-content\/uploads\/2023\/05\/nuoc-mam-chay-lien-thanh-300x453.png 300w, http:\/\/lienthanh1906.vn\/wp-content\/uploads\/2023\/05\/nuoc-mam-chay-lien-thanh-600x906.png 600w, http:\/\/lienthanh1906.vn\/wp-content\/uploads\/2023\/05\/nuoc-mam-chay-lien-thanh-199x300.png 199w, http:\/\/lienthanh1906.vn\/wp-content\/uploads\/2023\/05\/nuoc-mam-chay-lien-thanh-678x1024.png 678w, http:\/\/lienthanh1906.vn\/wp-content\/uploads\/2023\/05\/nuoc-mam-chay-lien-thanh-768x1160.png 768w, http:\/\/lienthanh1906.vn\/wp-content\/uploads\/2023\/05\/nuoc-mam-chay-lien-thanh-1017x1536.png 1017w, http:\/\/lienthanh1906.vn\/wp-content\/uploads\/2023\/05\/nuoc-mam-chay-lien-thanh-1356x2048.png 1356w\" sizes=\"auto, (max-width: 1392px) 100vw, 1392px\" \/><\/figure>\n\n\n\n<div style=\"height:60px\" aria-hidden=\"true\" class=\"wp-block-spacer\"><\/div>\n<\/div>\n\n\n\n<div class=\"wp-block-column is-layout-flow wp-block-column-is-layout-flow\">\n<div class=\"post-list post-list-slick-3 slick-equal\">\n            <a href=\"http:\/\/lienthanh1906.vn\/en\/goi-y-mon-an-chay-cha-thi-la\/\" class=\"post-list-item\">\n            <div class=\"box-image\">\n                <img loading=\"lazy\" decoding=\"async\" width=\"576\" height=\"1024\" src=\"http:\/\/lienthanh1906.vn\/wp-content\/uploads\/2024\/01\/thumbnail-tiktok-576x1024.jpg\" class=\"attachment-large size-large wp-post-image\" alt=\"\" srcset=\"http:\/\/lienthanh1906.vn\/wp-content\/uploads\/2024\/01\/thumbnail-tiktok-576x1024.jpg 576w, http:\/\/lienthanh1906.vn\/wp-content\/uploads\/2024\/01\/thumbnail-tiktok-169x300.jpg 169w, http:\/\/lienthanh1906.vn\/wp-content\/uploads\/2024\/01\/thumbnail-tiktok-768x1365.jpg 768w, http:\/\/lienthanh1906.vn\/wp-content\/uploads\/2024\/01\/thumbnail-tiktok-864x1536.jpg 864w, http:\/\/lienthanh1906.vn\/wp-content\/uploads\/2024\/01\/thumbnail-tiktok-300x533.jpg 300w, http:\/\/lienthanh1906.vn\/wp-content\/uploads\/2024\/01\/thumbnail-tiktok-600x1067.jpg 600w, http:\/\/lienthanh1906.vn\/wp-content\/uploads\/2024\/01\/thumbnail-tiktok.jpg 1152w\" sizes=\"auto, (max-width: 576px) 100vw, 576px\" \/>            <\/div>\n            <div class=\"box-text\">\n                <h3>Vegetarian dish recommend: Dill Leaves Rolls<\/h3>\n                <div><p>Vegetarian dish recommend : Dill Leaves Rolls Ingredient: CLICK NOW ON PIC \ud83d\udc46 Watch the process of making &#8220;Dill Leaves &#8221; on Lien Thanh Vegetarian Fish Sauce Youtube channel: M\u00f3n chay cu\u1ed1i tu\u1ea7n c\u00f9ng C\u00f4 Tu\u1ec7 V\u00e2n | M\u00f9a 2 T\u1eadp 1 | CH\u1ea2 TH\u00cc L\u00c0 Making: Step 1: Prepare<\/p>\n<\/div>\n                <p class=\"readmore\">View more \u00bb<\/p>\n            <\/div>\n\n            <div class=\"date\"><i class=\"fas fa-calendar\"><\/i> 12 January, 2024<\/div>\n        <\/a>\n        \n                <a href=\"http:\/\/lienthanh1906.vn\/en\/goi-y-mon-an-chay-goi-ngo-sen-chay\/\" class=\"post-list-item\">\n            <div class=\"box-image\">\n                <img loading=\"lazy\" decoding=\"async\" width=\"784\" height=\"528\" src=\"http:\/\/lienthanh1906.vn\/wp-content\/uploads\/2023\/12\/goi-ngo-sen.jpg\" class=\"attachment-large size-large wp-post-image\" alt=\"\" srcset=\"http:\/\/lienthanh1906.vn\/wp-content\/uploads\/2023\/12\/goi-ngo-sen.jpg 784w, http:\/\/lienthanh1906.vn\/wp-content\/uploads\/2023\/12\/goi-ngo-sen-300x202.jpg 300w, http:\/\/lienthanh1906.vn\/wp-content\/uploads\/2023\/12\/goi-ngo-sen-768x517.jpg 768w, http:\/\/lienthanh1906.vn\/wp-content\/uploads\/2023\/12\/goi-ngo-sen-600x404.jpg 600w\" sizes=\"auto, (max-width: 784px) 100vw, 784px\" \/>            <\/div>\n            <div class=\"box-text\">\n                <h3>Vegetarian dish recommend: Lotus Root Salad<\/h3>\n                <div><p>Vegetarian dish recommend: Lotus Root Salad Ingredient: Making: Step 1: Prepare ingredients Fried tofu until golden then cut into bite-sized pieces. Step 2: Make a mixture of vegetarian fish sauce and salad Step 3: Present and enjoy Just a few simple steps to create a delicious vegetarian salad for the<\/p>\n<\/div>\n                <p class=\"readmore\">View more \u00bb<\/p>\n            <\/div>\n\n            <div class=\"date\"><i class=\"fas fa-calendar\"><\/i> 28 December, 2023<\/div>\n        <\/a>\n        \n                <a href=\"http:\/\/lienthanh1906.vn\/en\/goi-y-mon-an-chay-mi-can-khia-nuoc-dua\/\" class=\"post-list-item\">\n            <div class=\"box-image\">\n                <img loading=\"lazy\" decoding=\"async\" width=\"1024\" height=\"576\" src=\"http:\/\/lienthanh1906.vn\/wp-content\/uploads\/2023\/11\/Micankhianuocdua1200-1200x675-1-1024x576.jpeg\" class=\"attachment-large size-large wp-post-image\" alt=\"\" srcset=\"http:\/\/lienthanh1906.vn\/wp-content\/uploads\/2023\/11\/Micankhianuocdua1200-1200x675-1-1024x576.jpeg 1024w, http:\/\/lienthanh1906.vn\/wp-content\/uploads\/2023\/11\/Micankhianuocdua1200-1200x675-1-300x169.jpeg 300w, http:\/\/lienthanh1906.vn\/wp-content\/uploads\/2023\/11\/Micankhianuocdua1200-1200x675-1-768x432.jpeg 768w, http:\/\/lienthanh1906.vn\/wp-content\/uploads\/2023\/11\/Micankhianuocdua1200-1200x675-1-600x338.jpeg 600w, http:\/\/lienthanh1906.vn\/wp-content\/uploads\/2023\/11\/Micankhianuocdua1200-1200x675-1.jpeg 1200w\" sizes=\"auto, (max-width: 1024px) 100vw, 1024px\" \/>            <\/div>\n            <div class=\"box-text\">\n                <h3>Vegetarian dish recommendation: Seitan with coconut water<\/h3>\n                <div><p>Vegetarian dish recommendation: Seitan with coconut water Ingredient: Making: Step 1: Fried Seitan Step 2: Mix the sauce Step 3: Toss the seitan with coconut water Step 4:Finish Seitan cooked in coconut water, although it is only a vegetarian dish, is extremely unique and attractive with the spicy taste of<\/p>\n<\/div>\n                <p class=\"readmore\">View more \u00bb<\/p>\n            <\/div>\n\n            <div class=\"date\"><i class=\"fas fa-calendar\"><\/i> 3 November, 2023<\/div>\n        <\/a>\n        \n                <a href=\"http:\/\/lienthanh1906.vn\/en\/goi-y-mon-chay-canh-chua-bong-so-dua\/\" class=\"post-list-item\">\n            <div class=\"box-image\">\n                <img loading=\"lazy\" decoding=\"async\" width=\"800\" height=\"522\" src=\"http:\/\/lienthanh1906.vn\/wp-content\/uploads\/2023\/10\/canh-chua-ca-linh-bong-so-dua-759546.jpg\" class=\"attachment-large size-large wp-post-image\" alt=\"\" srcset=\"http:\/\/lienthanh1906.vn\/wp-content\/uploads\/2023\/10\/canh-chua-ca-linh-bong-so-dua-759546.jpg 800w, http:\/\/lienthanh1906.vn\/wp-content\/uploads\/2023\/10\/canh-chua-ca-linh-bong-so-dua-759546-300x196.jpg 300w, http:\/\/lienthanh1906.vn\/wp-content\/uploads\/2023\/10\/canh-chua-ca-linh-bong-so-dua-759546-768x501.jpg 768w, http:\/\/lienthanh1906.vn\/wp-content\/uploads\/2023\/10\/canh-chua-ca-linh-bong-so-dua-759546-600x392.jpg 600w\" sizes=\"auto, (max-width: 800px) 100vw, 800px\" \/>            <\/div>\n            <div class=\"box-text\">\n                <h3>G\u1ee3i \u00fd m\u00f3n chay: Canh chua b\u00f4ng so \u0111\u0169a<\/h3>\n                <div><p>Nguy\u00ean li\u1ec7u Th\u1ef1c hi\u1ec7n 1. N\u1ea5m r\u00f3m r\u1ee7a s\u1ea1ch, b\u1ed5 \u0111\u00f4i. 2. B\u00f4ng so \u0111\u0169a r\u1eeda s\u1ea1ch, \u0111\u1ec3 r\u00e1o 3. X\u00e0o n\u1ea5m v\u00e0 c\u00e0 chia cho \u0111\u1ebfn khi ch\u00edn t\u00e1i, cho t\u1ea5t c\u1ea3 gia v\u1ecb v\u00e0o. 4. Cho 300ml n\u01b0\u1edbc (1 t\u00f4 canh cho 4 ng\u01b0\u1eddi \u0103n) 5. Cho b\u00f4ng<\/p>\n<\/div>\n                <p class=\"readmore\">View more \u00bb<\/p>\n            <\/div>\n\n            <div class=\"date\"><i class=\"fas fa-calendar\"><\/i> 4 October, 2023<\/div>\n        <\/a>\n        \n                <a href=\"http:\/\/lienthanh1906.vn\/en\/goi-y-mon-chay-pho-kho\/\" class=\"post-list-item\">\n            <div class=\"box-image\">\n                <img loading=\"lazy\" decoding=\"async\" width=\"1024\" height=\"577\" src=\"http:\/\/lienthanh1906.vn\/wp-content\/uploads\/2023\/10\/pho-kho-1024x577-1.jpg\" class=\"attachment-large size-large wp-post-image\" alt=\"\" srcset=\"http:\/\/lienthanh1906.vn\/wp-content\/uploads\/2023\/10\/pho-kho-1024x577-1.jpg 1024w, http:\/\/lienthanh1906.vn\/wp-content\/uploads\/2023\/10\/pho-kho-1024x577-1-300x169.jpg 300w, http:\/\/lienthanh1906.vn\/wp-content\/uploads\/2023\/10\/pho-kho-1024x577-1-768x433.jpg 768w, http:\/\/lienthanh1906.vn\/wp-content\/uploads\/2023\/10\/pho-kho-1024x577-1-600x338.jpg 600w\" sizes=\"auto, (max-width: 1024px) 100vw, 1024px\" \/>            <\/div>\n            <div class=\"box-text\">\n                <h3>G\u1ee3i \u00fd m\u00f3n chay: Ph\u1edf kh\u00f4<\/h3>\n                <div><p>Nguy\u00ean li\u1ec7u Th\u1ef1c hi\u1ec7n 1. N\u1ea5m b\u00e0o ng\u01b0 r\u1eeda s\u1ea1ch, b\u00f3p r\u00e1o, x\u00e9 l\u1edbn. 2. X\u00e0o boa r\u00f4; cho n\u1ea5m v\u00e0o x\u00e0o; n\u00eam ch\u00fat h\u1ea1t n\u00eam. N\u1ea5m ch\u00edn nhanh. 3. Tr\u1ee5ng b\u00e1nh ph\u1edf; x\u00f3c ch\u00fat d\u1ea7u; Ra t\u00f4. X\u1ebfp n\u1ea5m l\u00ean. 4, N\u1ea5u h\u1ed7n h\u1ee3p gia v\u1ecb v\u1edbi l\u1ee7a nh\u1ecf;<\/p>\n<\/div>\n                <p class=\"readmore\">View more \u00bb<\/p>\n            <\/div>\n\n            <div class=\"date\"><i class=\"fas fa-calendar\"><\/i> 4 October, 2023<\/div>\n        <\/a>\n        \n                <a href=\"http:\/\/lienthanh1906.vn\/en\/goi-y-mon-chay-com-chien-nuoc-mam\/\" class=\"post-list-item\">\n            <div class=\"box-image\">\n                <img loading=\"lazy\" decoding=\"async\" width=\"1024\" height=\"576\" src=\"http:\/\/lienthanh1906.vn\/wp-content\/uploads\/2023\/10\/cach-lam-com-chien-toi-ngon-1024x576-1.jpeg\" class=\"attachment-large size-large wp-post-image\" alt=\"\" srcset=\"http:\/\/lienthanh1906.vn\/wp-content\/uploads\/2023\/10\/cach-lam-com-chien-toi-ngon-1024x576-1.jpeg 1024w, http:\/\/lienthanh1906.vn\/wp-content\/uploads\/2023\/10\/cach-lam-com-chien-toi-ngon-1024x576-1-300x169.jpeg 300w, http:\/\/lienthanh1906.vn\/wp-content\/uploads\/2023\/10\/cach-lam-com-chien-toi-ngon-1024x576-1-768x432.jpeg 768w, http:\/\/lienthanh1906.vn\/wp-content\/uploads\/2023\/10\/cach-lam-com-chien-toi-ngon-1024x576-1-600x338.jpeg 600w\" sizes=\"auto, (max-width: 1024px) 100vw, 1024px\" \/>            <\/div>\n            <div class=\"box-text\">\n                <h3>G\u1ee3i \u00fd m\u00f3n chay: C\u01a1m chi\u00ean n\u01b0\u1edbc m\u1eafm<\/h3>\n                <div><p>Nguy\u00ean li\u1ec7u Th\u1ef1c hi\u1ec7n 1. X\u00e0o s\u1ea3 cho th\u01a1m. Cho n\u1ea5m v\u00e0o x\u00e0o l\u1edbn l\u1eeda. Cho 1 \u00edt h\u1ea1t n\u00eam x\u00e0o nhanh \u0111\u1ec3 n\u1ea5m kh\u00f4ng ra n\u01b0\u1edbc. Cho t\u00e0u h\u1ee7 ky; tr\u1ed9n \u0111\u1ec1u; l\u1ea5y ra. 2. Cho 1 \u00edt d\u1ea7u \u0103n v\u00e0o ch\u1ea3o. V\u1edbi 2 ch\u00e9n c\u01a1m; cho kho\u1ea3ng 1<\/p>\n<\/div>\n                <p class=\"readmore\">View more \u00bb<\/p>\n            <\/div>\n\n            <div class=\"date\"><i class=\"fas fa-calendar\"><\/i> 4 October, 2023<\/div>\n        <\/a>\n        \n        <\/div>\n\n<\/div>\n<\/div>\n\n\n<div class=\"divider\"><\/div>\n","protected":false},"excerpt":{"rendered":"<p>Savory taste from plant-based protein Lien Thanh vegan fish sauce is manufactured akin to the traditional fish sauce with the ratio of pineapple and salt being about 3:1, fermented for a meticulous 4 months. The secret for this is from the usage of the Bromelain enzyme present in pineapple for<\/p>\n","protected":false},"author":1,"featured_media":0,"parent":0,"menu_order":0,"comment_status":"closed","ping_status":"closed","template":"","meta":{"_acf_changed":false,"footnotes":""},"class_list":["post-7658","page","type-page","status-publish","hentry","generate-columns","tablet-grid-50","mobile-grid-100","grid-parent","grid-20","no-featured-image-padding"],"acf":[],"_links":{"self":[{"href":"http:\/\/lienthanh1906.vn\/en\/wp-json\/wp\/v2\/pages\/7658","targetHints":{"allow":["GET"]}}],"collection":[{"href":"http:\/\/lienthanh1906.vn\/en\/wp-json\/wp\/v2\/pages"}],"about":[{"href":"http:\/\/lienthanh1906.vn\/en\/wp-json\/wp\/v2\/types\/page"}],"author":[{"embeddable":true,"href":"http:\/\/lienthanh1906.vn\/en\/wp-json\/wp\/v2\/users\/1"}],"replies":[{"embeddable":true,"href":"http:\/\/lienthanh1906.vn\/en\/wp-json\/wp\/v2\/comments?post=7658"}],"version-history":[{"count":8,"href":"http:\/\/lienthanh1906.vn\/en\/wp-json\/wp\/v2\/pages\/7658\/revisions"}],"predecessor-version":[{"id":8028,"href":"http:\/\/lienthanh1906.vn\/en\/wp-json\/wp\/v2\/pages\/7658\/revisions\/8028"}],"wp:attachment":[{"href":"http:\/\/lienthanh1906.vn\/en\/wp-json\/wp\/v2\/media?parent=7658"}],"curies":[{"name":"wp","href":"https:\/\/api.w.org\/{rel}","templated":true}]}}